{"id":2,"date":"2014-10-27T11:29:54","date_gmt":"2014-10-27T11:29:54","guid":{"rendered":"https:\/\/www.ozbucayangin.com\/?page_id=2"},"modified":"2024-11-19T08:22:37","modified_gmt":"2024-11-19T08:22:37","slug":"home","status":"publish","type":"page","link":"https:\/\/www.ozbucayangin.com\/","title":{"rendered":"Home"},"content":{"rendered":"","protected":false},"excerpt":{"rendered":"","protected":false},"author":1,"featured_media":0,"parent":0,"menu_order":0,"comment_status":"open","ping_status":"open","template":"","meta":{"footnotes":""},"class_list":["post-2","page","type-page","status-publish","hentry"],"yoast_head":"<!-- This site is optimized with the Yoast SEO plugin v25.6 - https:\/\/yoast.com\/wordpress\/plugins\/seo\/ -->\n<title>Home - Yang\u0131n S&ouml;nd&uuml;rme Sistemleri Ankara<\/title>\n<meta name=\"robots\" content=\"index, follow, max-snippet:-1, max-image-preview:large, max-video-preview:-1\" \/>\n<link rel=\"canonical\" href=\"https:\/\/www.ozbucayangin.com\/\" \/>\n<meta property=\"og:locale\" content=\"tr_TR\" \/>\n<meta property=\"og:type\" content=\"article\" \/>\n<meta property=\"og:title\" content=\"Home - Yang\u0131n S&ouml;nd&uuml;rme Sistemleri Ankara\" \/>\n<meta property=\"og:url\" content=\"https:\/\/www.ozbucayangin.com\/\" \/>\n<meta property=\"og:site_name\" content=\"Yang\u0131n S&ouml;nd&uuml;rme Sistemleri Ankara\" \/>\n<meta property=\"article:publisher\" content=\"https:\/\/www.facebook.com\/profile.php?id=100068780407903&amp;locale=nb_NO\" \/>\n<meta property=\"article:modified_time\" content=\"2024-11-19T08:22:37+00:00\" \/>\n<meta name=\"twitter:card\" content=\"summary_large_image\" \/>\n<script type=\"application\/ld+json\" class=\"yoast-schema-graph\">{\"@context\":\"https:\/\/schema.org\",\"@graph\":[{\"@type\":\"WebPage\",\"@id\":\"https:\/\/www.ozbucayangin.com\/\",\"url\":\"https:\/\/www.ozbucayangin.com\/\",\"name\":\"Home - Yang\u0131n S&ouml;nd&uuml;rme Sistemleri Ankara\",\"isPartOf\":{\"@id\":\"https:\/\/www.ozbucayangin.com\/#website\"},\"datePublished\":\"2014-10-27T11:29:54+00:00\",\"dateModified\":\"2024-11-19T08:22:37+00:00\",\"breadcrumb\":{\"@id\":\"https:\/\/www.ozbucayangin.com\/#breadcrumb\"},\"inLanguage\":\"tr\",\"potentialAction\":[{\"@type\":\"ReadAction\",\"target\":[\"https:\/\/www.ozbucayangin.com\/\"]}]},{\"@type\":\"BreadcrumbList\",\"@id\":\"https:\/\/www.ozbucayangin.com\/#breadcrumb\",\"itemListElement\":[{\"@type\":\"ListItem\",\"position\":1,\"name\":\"Anasayfa\",\"item\":\"https:\/\/www.ozbucayangin.com\/\"},{\"@type\":\"ListItem\",\"position\":2,\"name\":\"Home\"}]},{\"@type\":\"WebSite\",\"@id\":\"https:\/\/www.ozbucayangin.com\/#website\",\"url\":\"https:\/\/www.ozbucayangin.com\/\",\"name\":\"Yang\u0131n S\u00f6nd\u00fcrme Sistemleri Ankara\",\"description\":\"Yang\u0131n S&ouml;nd&uuml;rme Sistemleri Ankara\",\"potentialAction\":[{\"@type\":\"SearchAction\",\"target\":{\"@type\":\"EntryPoint\",\"urlTemplate\":\"https:\/\/www.ozbucayangin.com\/?s={search_term_string}\"},\"query-input\":{\"@type\":\"PropertyValueSpecification\",\"valueRequired\":true,\"valueName\":\"search_term_string\"}}],\"inLanguage\":\"tr\"}]}<\/script>\n<!-- \/ Yoast SEO plugin. -->","yoast_head_json":{"title":"Home - Yang\u0131n S&ouml;nd&uuml;rme Sistemleri Ankara","robots":{"index":"index","follow":"follow","max-snippet":"max-snippet:-1","max-image-preview":"max-image-preview:large","max-video-preview":"max-video-preview:-1"},"canonical":"https:\/\/www.ozbucayangin.com\/","og_locale":"tr_TR","og_type":"article","og_title":"Home - Yang\u0131n S&ouml;nd&uuml;rme Sistemleri Ankara","og_url":"https:\/\/www.ozbucayangin.com\/","og_site_name":"Yang\u0131n S&ouml;nd&uuml;rme Sistemleri Ankara","article_publisher":"https:\/\/www.facebook.com\/profile.php?id=100068780407903&locale=nb_NO","article_modified_time":"2024-11-19T08:22:37+00:00","twitter_card":"summary_large_image","schema":{"@context":"https:\/\/schema.org","@graph":[{"@type":"WebPage","@id":"https:\/\/www.ozbucayangin.com\/","url":"https:\/\/www.ozbucayangin.com\/","name":"Home - Yang\u0131n S&ouml;nd&uuml;rme Sistemleri Ankara","isPartOf":{"@id":"https:\/\/www.ozbucayangin.com\/#website"},"datePublished":"2014-10-27T11:29:54+00:00","dateModified":"2024-11-19T08:22:37+00:00","breadcrumb":{"@id":"https:\/\/www.ozbucayangin.com\/#breadcrumb"},"inLanguage":"tr","potentialAction":[{"@type":"ReadAction","target":["https:\/\/www.ozbucayangin.com\/"]}]},{"@type":"BreadcrumbList","@id":"https:\/\/www.ozbucayangin.com\/#breadcrumb","itemListElement":[{"@type":"ListItem","position":1,"name":"Anasayfa","item":"https:\/\/www.ozbucayangin.com\/"},{"@type":"ListItem","position":2,"name":"Home"}]},{"@type":"WebSite","@id":"https:\/\/www.ozbucayangin.com\/#website","url":"https:\/\/www.ozbucayangin.com\/","name":"Yang\u0131n S\u00f6nd\u00fcrme Sistemleri Ankara","description":"Yang\u0131n S&ouml;nd&uuml;rme Sistemleri Ankara","potentialAction":[{"@type":"SearchAction","target":{"@type":"EntryPoint","urlTemplate":"https:\/\/www.ozbucayangin.com\/?s={search_term_string}"},"query-input":{"@type":"PropertyValueSpecification","valueRequired":true,"valueName":"search_term_string"}}],"inLanguage":"tr"}]}},"_links":{"self":[{"href":"https:\/\/www.ozbucayangin.com\/index.php\/wp-json\/wp\/v2\/pages\/2"}],"collection":[{"href":"https:\/\/www.ozbucayangin.com\/index.php\/wp-json\/wp\/v2\/pages"}],"about":[{"href":"https:\/\/www.ozbucayangin.com\/index.php\/wp-json\/wp\/v2\/types\/page"}],"author":[{"embeddable":true,"href":"https:\/\/www.ozbucayangin.com\/index.php\/wp-json\/wp\/v2\/users\/1"}],"replies":[{"embeddable":true,"href":"https:\/\/www.ozbucayangin.com\/index.php\/wp-json\/wp\/v2\/comments?post=2"}],"version-history":[{"count":1,"href":"https:\/\/www.ozbucayangin.com\/index.php\/wp-json\/wp\/v2\/pages\/2\/revisions"}],"predecessor-version":[{"id":115,"href":"https:\/\/www.ozbucayangin.com\/index.php\/wp-json\/wp\/v2\/pages\/2\/revisions\/115"}],"wp:attachment":[{"href":"https:\/\/www.ozbucayangin.com\/index.php\/wp-json\/wp\/v2\/media?parent=2"}],"curies":[{"name":"wp","href":"https:\/\/api.w.org\/{rel}","templated":true}]}}